{"id":818,"date":"2022-01-21T17:38:38","date_gmt":"2022-01-21T16:38:38","guid":{"rendered":"https:\/\/pbf.tax\/?page_id=818"},"modified":"2024-04-24T16:06:00","modified_gmt":"2024-04-24T14:06:00","slug":"matteo-bruni","status":"publish","type":"page","link":"https:\/\/pbf.tax\/en\/professionals\/matteo-bruni\/","title":{"rendered":"Matteo Bruni"},"content":{"rendered":"<div id=\"cs-content\" class=\"cs-content\"><div class=\"x-section e818-1 mmq-0 mmq-1\"><div class=\"x-row e818-2 mmq-3 mmq-4\"><div class=\"x-row-inner\"><div class=\"x-col e818-3 mmq-6 mmq-7 mmq-8 mmq-9 mmq-a\"><span class=\"x-image e818-4 mmq-d crop\"><img src=\"https:\/\/pbf.tax\/wp-content\/uploads\/2022\/01\/Matteo-Bruni_new.jpg\" width=\"640\" height=\"960\" alt=\"Image\" loading=\"lazy\"><\/span><\/div><div class=\"x-col e818-5 mmq-6 mmq-9 mmq-a mmq-b mmq-c\"><div class=\"x-text x-text-headline e818-6 mmq-e mmq-f\"><div class=\"x-text-content\"><div class=\"x-text-content-text\"><h1 class=\"x-text-content-text-primary\">Matteo Bruni<\/h1><span class=\"x-text-content-text-subheadline\"><span style=\"font-weight:400\">Associate<\/span><br>\nChartered Accountant\n<\/span><\/div><\/div><\/div><blockquote class=\"x-quote e818-7 mmq-h hide\"><div class=\"x-quote-content\"><div class=\"x-quote-text\">\"Il lavoro che svolgo \u00e8 basato su un rapporto altamente fiduciario che si nutre di risposte concrete e indicazioni di responsabilit\u00e0 rispetto alla scelta pi\u00f9 opportuna, dati i rischi presenti.\"<\/div><\/div><\/blockquote><a class=\"x-anchor x-anchor-button has-graphic e818-8 mmq-i mmq-j\" tabindex=\"0\" href=\"tel:+390248000409\" target=\"_blank\"><div class=\"x-anchor-content\"><span class=\"x-graphic\" aria-hidden=\"true\"><i class=\"x-icon x-graphic-child x-graphic-icon x-graphic-primary\" aria-hidden=\"true\" data-x-icon-s=\"&#xf879;\"><\/i><\/span><div class=\"x-anchor-text\"><span class=\"x-anchor-text-primary\" data-x-single-anim=\"x-slide-left\">+39 02 4800 0409<\/span><\/div><\/div><\/a><a class=\"x-anchor x-anchor-button has-graphic e818-9 mmq-i mmq-j\" tabindex=\"0\" href=\"mailto:matteo.bruni@pbf.tax\" target=\"_blank\"><div class=\"x-anchor-content\"><span class=\"x-graphic\" aria-hidden=\"true\"><i class=\"x-icon x-graphic-child x-graphic-icon x-graphic-primary\" aria-hidden=\"true\" data-x-icon-s=\"&#xf674;\"><\/i><\/span><div class=\"x-anchor-text\"><span class=\"x-anchor-text-primary\" data-x-single-anim=\"x-slide-left\">matteo.bruni@pbf.tax<\/span><\/div><\/div><\/a><a class=\"x-anchor x-anchor-button has-graphic e818-10 mmq-i mmq-k\" tabindex=\"0\" href=\"https:\/\/www.linkedin.com\/in\/matteo-bruni-18b516162\/\" target=\"_blank\"><div class=\"x-anchor-content\"><span class=\"x-graphic\" aria-hidden=\"true\"><i class=\"x-icon x-graphic-child x-graphic-icon x-graphic-primary\" aria-hidden=\"true\" data-x-icon-b=\"&#xf08c;\"><\/i><\/span><div class=\"x-anchor-text\"><span class=\"x-anchor-text-primary\" data-x-single-anim=\"x-slide-left\">See my profile<\/span><\/div><\/div><\/a><\/div><\/div><\/div><\/div><div class=\"x-section e818-11 mmq-0 mmq-2\"><div class=\"x-row e818-12 mmq-3 mmq-5\"><div class=\"x-row-inner\"><div class=\"x-col e818-13 mmq-a\"><div class=\"x-text e818-14 mmq-l mmq-m\"><p style=\"text-align: justify;\">Since 2018, they have collaborated with a firm in Milan, where they completed their professional internship, assisting both companies and individuals. During this time, they gained initial experience in national taxation, corporate law, and business valuations.<\/p>\n<p style=\"text-align: justify;\">From 2020, they collaborated with another firm in Milan, focusing on domestic tax consulting, particularly on capital companies. Additionally, they assisted clients in communications and negotiations with tax authorities during the pre-litigation phase.<\/p>\n<p style=\"text-align: justify;\">Since 2021, they have joined a new firm, primarily engaged in ordinary tax consulting for both national and international capital companies, as well as individuals. Their responsibilities include preparing CEE financial statements, corporate documents, and documentation for tax audits, litigation, and interactions with the Tax Agency. They have developed expertise in the startup and innovative SME sectors.<\/p>\n<p style=\"text-align: justify;\">Since 2023, they have served as a Lecturer in the field of Business Economics at the Catholic University of the Sacred Heart in Milan.<\/p><\/div><\/div><div class=\"x-col e818-15 mmq-6 mmq-7 mmq-a mmq-c\"><div class=\"x-text x-text-headline e818-16 mmq-e mmq-g\"><div class=\"x-text-content\"><div class=\"x-text-content-text\"><h1 class=\"x-text-content-text-primary\">QUALIFICATIONS<\/h1><\/div><\/div><\/div><div class=\"x-text e818-17 mmq-m mmq-n\"><p style=\"text-align: justify;\"><span style=\"font-weight: 500;\">Chartered Accountant<\/span><\/p><p style=\"text-align: justify;\">Association of Chartered Accountants and Certified Public Accountants of Como<\/p><\/div><div class=\"x-text x-text-headline e818-18 mmq-e mmq-g\"><div class=\"x-text-content\"><div class=\"x-text-content-text\"><h1 class=\"x-text-content-text-primary\">EDUCATION<\/h1><\/div><\/div><\/div><div class=\"x-text x-text-headline e818-19 mmq-e mmq-g hide\"><div class=\"x-text-content\"><div class=\"x-text-content-text\"><h1 class=\"x-text-content-text-primary\">Lingue<\/h1><\/div><\/div><\/div><div class=\"x-text e818-20 mmq-m mmq-n hide\"><p>Inglese<\/p>\n<p>Francese<\/p><\/div><div class=\"x-text e818-21 mmq-m mmq-n\"><p style=\"text-align: justify;\"><span style=\"font-weight: 500;\">University degree<\/span><\/p><p style=\"text-align: justify;\">Master Degree in business administration and corporate law, experience as a Professional according to the Association of Chartered Accountants and Certified Public Accountants of Milan, from Universit&agrave; Cattolica del Sacro Cuore, Milan<\/p>\n<p style=\"text-align: justify;\">University Degree in Business Administration, specialty in Management, Universit&agrave; Cattolica del Sacro Cuore, Milan<\/p><\/div><\/div><\/div><\/div><\/div><\/div>\n","protected":false},"excerpt":{"rendered":"<p> <a href=\"https:\/\/pbf.tax\/en\/professionals\/matteo-bruni\/\" class=\"x-btn x-btn-mini x-btn-flat more-link\">Leggi di pi\u00f9<\/a><\/p>\n","protected":false},"author":1,"featured_media":0,"parent":709,"menu_order":0,"comment_status":"closed","ping_status":"closed","template":"template-blank-4.php","meta":[],"_links":{"self":[{"href":"https:\/\/pbf.tax\/en\/wp-json\/wp\/v2\/pages\/818"}],"collection":[{"href":"https:\/\/pbf.tax\/en\/wp-json\/wp\/v2\/pages"}],"about":[{"href":"https:\/\/pbf.tax\/en\/wp-json\/wp\/v2\/types\/page"}],"author":[{"embeddable":true,"href":"https:\/\/pbf.tax\/en\/wp-json\/wp\/v2\/users\/1"}],"replies":[{"embeddable":true,"href":"https:\/\/pbf.tax\/en\/wp-json\/wp\/v2\/comments?post=818"}],"version-history":[{"count":5,"href":"https:\/\/pbf.tax\/en\/wp-json\/wp\/v2\/pages\/818\/revisions"}],"predecessor-version":[{"id":6819,"href":"https:\/\/pbf.tax\/en\/wp-json\/wp\/v2\/pages\/818\/revisions\/6819"}],"up":[{"embeddable":true,"href":"https:\/\/pbf.tax\/en\/wp-json\/wp\/v2\/pages\/709"}],"wp:attachment":[{"href":"https:\/\/pbf.tax\/en\/wp-json\/wp\/v2\/media?parent=818"}],"curies":[{"name":"wp","href":"https:\/\/api.w.org\/{rel}","templated":true}]}}