{"id":759,"date":"2021-01-25T19:06:19","date_gmt":"2021-01-25T18:06:19","guid":{"rendered":"https:\/\/pbf.tax\/professionals\/marta-carena\/"},"modified":"2024-04-24T16:10:32","modified_gmt":"2024-04-24T14:10:32","slug":"marta-carena","status":"publish","type":"page","link":"https:\/\/pbf.tax\/en\/professionals\/marta-carena\/","title":{"rendered":"Marta Carena"},"content":{"rendered":"<div id=\"cs-content\" class=\"cs-content\"><div class=\"x-section e759-1 ml3-0 ml3-1\"><div class=\"x-row e759-2 ml3-3 ml3-4\"><div class=\"x-row-inner\"><div class=\"x-col e759-3 ml3-6 ml3-7 ml3-8 ml3-9 ml3-a\"><span class=\"x-image e759-4 ml3-d crop\"><img src=\"https:\/\/pbf.tax\/wp-content\/uploads\/2021\/01\/MARTA_CARENA_080.jpg\" width=\"960\" height=\"640\" alt=\"Image\" loading=\"lazy\"><\/span><\/div><div class=\"x-col e759-5 ml3-6 ml3-9 ml3-a ml3-b ml3-c\"><div class=\"x-text x-text-headline e759-6 ml3-e ml3-f\"><div class=\"x-text-content\"><div class=\"x-text-content-text\"><h1 class=\"x-text-content-text-primary\">Marta Carena<\/h1><span class=\"x-text-content-text-subheadline\"><span style=\"font-weight: 400;\">Associate<\/span><br \/>Chartered Accountant and Auditor<\/span><\/div><\/div><\/div><blockquote class=\"x-quote e759-7 ml3-h hide\"><div class=\"x-quote-content\"><div class=\"x-quote-text\">\"Il lavoro che svolgo \u00e8 basato su un rapporto altamente fiduciario che si nutre di risposte concrete e indicazioni di responsabilit\u00e0 rispetto alla scelta pi\u00f9 opportuna, dati i rischi presenti.\"<\/div><\/div><\/blockquote><a class=\"x-anchor x-anchor-button has-graphic e759-8 ml3-i ml3-j\" tabindex=\"0\" href=\"tel:+390248000409\" target=\"_blank\"><div class=\"x-anchor-content\"><span class=\"x-graphic\" aria-hidden=\"true\"><i class=\"x-icon x-graphic-child x-graphic-icon x-graphic-primary\" aria-hidden=\"true\" data-x-icon-s=\"&#xf879;\"><\/i><\/span><div class=\"x-anchor-text\"><span class=\"x-anchor-text-primary\" data-x-single-anim=\"x-slide-left\">+39 02 4800 0409<\/span><\/div><\/div><\/a><a class=\"x-anchor x-anchor-button has-graphic e759-9 ml3-i ml3-j\" tabindex=\"0\" href=\"mailto:marta.carena@pbf.tax\" target=\"_blank\"><div class=\"x-anchor-content\"><span class=\"x-graphic\" aria-hidden=\"true\"><i class=\"x-icon x-graphic-child x-graphic-icon x-graphic-primary\" aria-hidden=\"true\" data-x-icon-s=\"&#xf674;\"><\/i><\/span><div class=\"x-anchor-text\"><span class=\"x-anchor-text-primary\" data-x-single-anim=\"x-slide-left\">marta.carena@pbf.tax<\/span><\/div><\/div><\/a><a class=\"x-anchor x-anchor-button has-graphic e759-10 ml3-i ml3-k\" tabindex=\"0\" href=\"https:\/\/www.linkedin.com\/in\/marta-carena-30916687\/\" target=\"_blank\"><div class=\"x-anchor-content\"><span class=\"x-graphic\" aria-hidden=\"true\"><i class=\"x-icon x-graphic-child x-graphic-icon x-graphic-primary\" aria-hidden=\"true\" data-x-icon-b=\"&#xf08c;\"><\/i><\/span><div class=\"x-anchor-text\"><span class=\"x-anchor-text-primary\" data-x-single-anim=\"x-slide-left\">See my profile<\/span><\/div><\/div><\/a><\/div><\/div><\/div><\/div><div class=\"x-section e759-11 ml3-0 ml3-2\"><div class=\"x-row e759-12 ml3-3 ml3-5\"><div class=\"x-row-inner\"><div class=\"x-col e759-13 ml3-a\"><div class=\"x-text e759-14 ml3-l ml3-m\"><p style=\"text-align: justify;\">Marta Carena is registered in the Register of Chartered Accountants in Milan and in the National Register of Auditors.<\/p>\n<p style=\"text-align: justify;\">She started her professional activity in 2018, collaborating with another firm in Milan and dealing with ordinary and extraordinary tax advice and the preparation of corporate financial statements. She has gained experience in the areas of corporate law, company valuation and due diligence activities.<\/p>\n<p style=\"text-align: justify;\">Since 2020 he has joined the firm, where he advises in the areas of direct and indirect taxation,<\/p>\n<p style=\"text-align: justify;\">both for domestic and international corporations and individuals. She carries out activities in the field of tax litigation, from the pre-litigation phase and interlocutions with the tax authorities, particularly in the field of transfer pricing and international mutual agreement procedures (MAP and APA).<\/p>\n<p style=\"text-align: justify;\">She also dealt with sustainability issues with reference to the development and implementation of sustainability policies according to ESG principles.<\/p><\/div><\/div><div class=\"x-col e759-15 ml3-6 ml3-7 ml3-a ml3-c\"><div class=\"x-text x-text-headline e759-16 ml3-e ml3-g\"><div class=\"x-text-content\"><div class=\"x-text-content-text\"><h1 class=\"x-text-content-text-primary\">QUALIFICATIONS<\/h1><\/div><\/div><\/div><div class=\"x-text e759-17 ml3-m ml3-n\"><p><span style=\"font-weight: 500;\">Chartered Accountant<\/span><\/p>\n<p style=\"text-align: justify;\">Association of Chartered Accountants and Certified Public Accountants of Milan<\/p><\/div><div class=\"x-text e759-18 ml3-m ml3-n\"><p><span style=\"font-weight: 500;\">External Auditor<\/span><\/p><p>National Registry of Auditors<\/p><\/div><div class=\"x-text x-text-headline e759-19 ml3-e ml3-g\"><div class=\"x-text-content\"><div class=\"x-text-content-text\"><h1 class=\"x-text-content-text-primary\">EDUCATION<\/h1><\/div><\/div><\/div><div class=\"x-text x-text-headline e759-20 ml3-e ml3-g hide\"><div class=\"x-text-content\"><div class=\"x-text-content-text\"><h1 class=\"x-text-content-text-primary\">Lingue<\/h1><\/div><\/div><\/div><div class=\"x-text e759-21 ml3-m ml3-n hide\"><p>Inglese<\/p>\n<p>Francese<\/p><\/div><div class=\"x-text e759-22 ml3-m ml3-n\"><p><span style=\"font-weight: 500;\">University degree<\/span><\/p>\n<p style=\"text-align: justify;\">Master&rsquo;s degree in Economics and Business Law with a final dissertation on tax law from Universit&agrave; Cattolica del Sacro Cuore of Milan<\/p>\n<p style=\"text-align: justify;\">Degree in Business Administration specializing in Management from Universit&agrave; Cattolica del Sacro Cuore of Milan<\/p><\/div><\/div><\/div><\/div><\/div><\/div>\n","protected":false},"excerpt":{"rendered":"<p> <a href=\"https:\/\/pbf.tax\/en\/professionals\/marta-carena\/\" class=\"x-btn x-btn-mini x-btn-flat more-link\">Leggi di pi\u00f9<\/a><\/p>\n","protected":false},"author":1,"featured_media":0,"parent":709,"menu_order":0,"comment_status":"closed","ping_status":"closed","template":"template-blank-4.php","meta":[],"_links":{"self":[{"href":"https:\/\/pbf.tax\/en\/wp-json\/wp\/v2\/pages\/759"}],"collection":[{"href":"https:\/\/pbf.tax\/en\/wp-json\/wp\/v2\/pages"}],"about":[{"href":"https:\/\/pbf.tax\/en\/wp-json\/wp\/v2\/types\/page"}],"author":[{"embeddable":true,"href":"https:\/\/pbf.tax\/en\/wp-json\/wp\/v2\/users\/1"}],"replies":[{"embeddable":true,"href":"https:\/\/pbf.tax\/en\/wp-json\/wp\/v2\/comments?post=759"}],"version-history":[{"count":5,"href":"https:\/\/pbf.tax\/en\/wp-json\/wp\/v2\/pages\/759\/revisions"}],"predecessor-version":[{"id":6821,"href":"https:\/\/pbf.tax\/en\/wp-json\/wp\/v2\/pages\/759\/revisions\/6821"}],"up":[{"embeddable":true,"href":"https:\/\/pbf.tax\/en\/wp-json\/wp\/v2\/pages\/709"}],"wp:attachment":[{"href":"https:\/\/pbf.tax\/en\/wp-json\/wp\/v2\/media?parent=759"}],"curies":[{"name":"wp","href":"https:\/\/api.w.org\/{rel}","templated":true}]}}