{"id":758,"date":"2021-01-25T19:03:13","date_gmt":"2021-01-25T18:03:13","guid":{"rendered":"https:\/\/pbf.tax\/professionals\/corrado-noto\/"},"modified":"2024-10-16T15:17:39","modified_gmt":"2024-10-16T13:17:39","slug":"corrado-noto","status":"publish","type":"page","link":"https:\/\/pbf.tax\/en\/professionals\/corrado-noto\/","title":{"rendered":"Corrado Noto"},"content":{"rendered":"<div id=\"cs-content\" class=\"cs-content\"><div class=\"x-section e758-1 ml2-0 ml2-1\"><div class=\"x-row e758-2 ml2-3 ml2-4\"><div class=\"x-row-inner\"><div class=\"x-col e758-3 ml2-6 ml2-7 ml2-8 ml2-9 ml2-a\"><span class=\"x-image e758-4 ml2-d crop\"><img src=\"https:\/\/pbf.tax\/wp-content\/uploads\/2021\/01\/CORRADO_NOTO_042.jpg\" width=\"960\" height=\"640\" alt=\"Image\" loading=\"lazy\"><\/span><\/div><div class=\"x-col e758-5 ml2-6 ml2-9 ml2-a ml2-b ml2-c\"><div class=\"x-text x-text-headline e758-6 ml2-e ml2-f\"><div class=\"x-text-content\"><div class=\"x-text-content-text\"><h1 class=\"x-text-content-text-primary\">Corrado Noto<\/h1><span class=\"x-text-content-text-subheadline\"><span style=\"font-weight:400\">Associate<\/span><br>\nChartered Accountant and Legal Auditor\n<\/span><\/div><\/div><\/div><blockquote class=\"x-quote e758-7 ml2-h hide\"><div class=\"x-quote-content\"><div class=\"x-quote-text\">\"Il lavoro che svolgo \u00e8 basato su un rapporto altamente fiduciario che si nutre di risposte concrete e indicazioni di responsabilit\u00e0 rispetto alla scelta pi\u00f9 opportuna, dati i rischi presenti.\"<\/div><\/div><\/blockquote><a class=\"x-anchor x-anchor-button has-graphic e758-8 ml2-i ml2-j\" tabindex=\"0\" href=\"tel:+390248000409\" target=\"_blank\"><div class=\"x-anchor-content\"><span class=\"x-graphic\" aria-hidden=\"true\"><i class=\"x-icon x-graphic-child x-graphic-icon x-graphic-primary\" aria-hidden=\"true\" data-x-icon-s=\"&#xf879;\"><\/i><\/span><div class=\"x-anchor-text\"><span class=\"x-anchor-text-primary\" data-x-single-anim=\"x-slide-left\">+39 02 4800 0409<\/span><\/div><\/div><\/a><a class=\"x-anchor x-anchor-button has-graphic e758-9 ml2-i ml2-j\" tabindex=\"0\" href=\"mailto:corrado.noto@pbf.tax\" target=\"_blank\"><div class=\"x-anchor-content\"><span class=\"x-graphic\" aria-hidden=\"true\"><i class=\"x-icon x-graphic-child x-graphic-icon x-graphic-primary\" aria-hidden=\"true\" data-x-icon-s=\"&#xf674;\"><\/i><\/span><div class=\"x-anchor-text\"><span class=\"x-anchor-text-primary\" data-x-single-anim=\"x-slide-left\">corrado.noto@pbf.tax<\/span><\/div><\/div><\/a><a class=\"x-anchor x-anchor-button has-graphic e758-10 ml2-i ml2-k\" tabindex=\"0\" href=\"https:\/\/www.linkedin.com\/in\/corrado-noto-00a48211\/\" target=\"_blank\"><div class=\"x-anchor-content\"><span class=\"x-graphic\" aria-hidden=\"true\"><i class=\"x-icon x-graphic-child x-graphic-icon x-graphic-primary\" aria-hidden=\"true\" data-x-icon-b=\"&#xf08c;\"><\/i><\/span><div class=\"x-anchor-text\"><span class=\"x-anchor-text-primary\" data-x-single-anim=\"x-slide-left\">See my profile<\/span><\/div><\/div><\/a><\/div><\/div><\/div><\/div><div class=\"x-section e758-11 ml2-0 ml2-2\"><div class=\"x-row e758-12 ml2-3 ml2-5\"><div class=\"x-row-inner\"><div class=\"x-col e758-13 ml2-a\"><div class=\"x-text e758-14 ml2-l ml2-m\"><p style=\"text-align: justify;\">Corrado Noto is registered in the Order of Chartered Accountants and Auditors of Milan and in the National Register of Auditors.<\/p>\n<p style=\"text-align: justify;\">He has accrued business experience in the administrative and financial areas in several companies, including multinational corporations.<\/p>\n<p style=\"text-align: justify;\">He started collaborating with other Firms in Turin in 2014; he dealt with routine consultancy, preparation of business financial statements and accrued initial experience in business taxation.<\/p>\n<p style=\"text-align: justify;\">He joined the Firm in 2017 and he works mainly in the tax and administrative dynamics of business, such as: consultancy and pareristics on tax, corporate and commercial law; preparation of ordinary, simplified and consolidated financial statements; tax returns in general; national and international taxation; due diligence; assistance in tax practices and in relations with the tax administration and the PA; economic and tax planning and tax consultancy relating to inpatriates \/new residents.<\/p>\n<p style=\"text-align: justify;\">He also deals with tax litigation in the various phases and degrees of judgement, for leading banking and leasing companies.<\/p><\/div><\/div><div class=\"x-col e758-15 ml2-6 ml2-7 ml2-a ml2-c\"><div class=\"x-text x-text-headline e758-16 ml2-e ml2-g\"><div class=\"x-text-content\"><div class=\"x-text-content-text\"><h1 class=\"x-text-content-text-primary\">QUALIFICATIONS<\/h1><\/div><\/div><\/div><div class=\"x-text e758-17 ml2-m ml2-n\"><p style=\"text-align: justify;\"><span style=\"font-weight: 500;\">Public Accountant<\/span><\/p>\n<p style=\"text-align: justify;\">Order of Chartered Accountants and Auditors of Milan<\/p>\n<p style=\"text-align: justify;\"><span style=\"font-weight: 500;\">External Auditor<\/span><\/p>\n<p style=\"text-align: justify;\">Register of External Auditors<\/p><\/div><div class=\"x-text x-text-headline e758-18 ml2-e ml2-g\"><div class=\"x-text-content\"><div class=\"x-text-content-text\"><h1 class=\"x-text-content-text-primary\">EDUCATION<\/h1><\/div><\/div><\/div><div class=\"x-text x-text-headline e758-19 ml2-e ml2-g hide\"><div class=\"x-text-content\"><div class=\"x-text-content-text\"><h1 class=\"x-text-content-text-primary\">Lingue<\/h1><\/div><\/div><\/div><div class=\"x-text e758-20 ml2-m ml2-n hide\"><p>Inglese<\/p>\n<p>Francese<\/p><\/div><div class=\"x-text e758-21 ml2-m ml2-n\"><p><span style=\"font-weight: 500;\">University degree<\/span><\/p>\n<p style=\"text-align: justify;\">Master&rsquo;s degree in economics focused on business direction and organization from University of Turin<\/p>\n<p style=\"text-align: justify;\">Degree in Business Administration from University of Turin<\/p><\/div><div class=\"x-text e758-22 ml2-m ml2-n\"><p><strong>Master<\/strong><\/p>\n<p>Master in Legal Auditing - ODCEC Milan<\/p><\/div><div class=\"x-text x-text-headline e758-23 ml2-e ml2-g\"><div class=\"x-text-content\"><div class=\"x-text-content-text\"><h1 class=\"x-text-content-text-primary\">FOREIGN LANGUAGES<\/h1><\/div><\/div><\/div><div class=\"x-text e758-24 ml2-m ml2-n\"><p>English<\/p><\/div><\/div><\/div><\/div><\/div><\/div>\n","protected":false},"excerpt":{"rendered":"<p> <a href=\"https:\/\/pbf.tax\/en\/professionals\/corrado-noto\/\" class=\"x-btn x-btn-mini x-btn-flat more-link\">Leggi di pi\u00f9<\/a><\/p>\n","protected":false},"author":1,"featured_media":0,"parent":709,"menu_order":0,"comment_status":"closed","ping_status":"closed","template":"template-blank-4.php","meta":[],"_links":{"self":[{"href":"https:\/\/pbf.tax\/en\/wp-json\/wp\/v2\/pages\/758"}],"collection":[{"href":"https:\/\/pbf.tax\/en\/wp-json\/wp\/v2\/pages"}],"about":[{"href":"https:\/\/pbf.tax\/en\/wp-json\/wp\/v2\/types\/page"}],"author":[{"embeddable":true,"href":"https:\/\/pbf.tax\/en\/wp-json\/wp\/v2\/users\/1"}],"replies":[{"embeddable":true,"href":"https:\/\/pbf.tax\/en\/wp-json\/wp\/v2\/comments?post=758"}],"version-history":[{"count":4,"href":"https:\/\/pbf.tax\/en\/wp-json\/wp\/v2\/pages\/758\/revisions"}],"predecessor-version":[{"id":8507,"href":"https:\/\/pbf.tax\/en\/wp-json\/wp\/v2\/pages\/758\/revisions\/8507"}],"up":[{"embeddable":true,"href":"https:\/\/pbf.tax\/en\/wp-json\/wp\/v2\/pages\/709"}],"wp:attachment":[{"href":"https:\/\/pbf.tax\/en\/wp-json\/wp\/v2\/media?parent=758"}],"curies":[{"name":"wp","href":"https:\/\/api.w.org\/{rel}","templated":true}]}}