{"id":757,"date":"2021-01-25T18:58:49","date_gmt":"2021-01-25T17:58:49","guid":{"rendered":"https:\/\/pbf.tax\/professionals\/federica-biondi\/"},"modified":"2024-10-16T15:16:50","modified_gmt":"2024-10-16T13:16:50","slug":"federica-biondi","status":"publish","type":"page","link":"https:\/\/pbf.tax\/en\/professionals\/federica-biondi\/","title":{"rendered":"Federica Biondi"},"content":{"rendered":"<div id=\"cs-content\" class=\"cs-content\"><div class=\"x-section e757-1 ml1-0 ml1-1\"><div class=\"x-row e757-2 ml1-3 ml1-4\"><div class=\"x-row-inner\"><div class=\"x-col e757-3 ml1-6 ml1-7 ml1-8 ml1-9 ml1-a\"><span class=\"x-image e757-4 ml1-d crop\"><img src=\"https:\/\/pbf.tax\/wp-content\/uploads\/2021\/01\/FEDERICA_BIONDI-_061.jpg\" width=\"960\" height=\"640\" alt=\"Image\" loading=\"lazy\"><\/span><\/div><div class=\"x-col e757-5 ml1-6 ml1-9 ml1-a ml1-b ml1-c\"><div class=\"x-text x-text-headline e757-6 ml1-e ml1-f\"><div class=\"x-text-content\"><div class=\"x-text-content-text\"><h1 class=\"x-text-content-text-primary\">Federica Biondi<\/h1><span class=\"x-text-content-text-subheadline\"><span style=\"font-weight:400\">Associate<\/span><br>\nChartered Accountant and Legal Auditor<\/span><\/div><\/div><\/div><blockquote class=\"x-quote e757-7 ml1-h hide\"><div class=\"x-quote-content\"><div class=\"x-quote-text\">\"Il lavoro che svolgo \u00e8 basato su un rapporto altamente fiduciario che si nutre di risposte concrete e indicazioni di responsabilit\u00e0 rispetto alla scelta pi\u00f9 opportuna, dati i rischi presenti.\"<\/div><\/div><\/blockquote><a class=\"x-anchor x-anchor-button has-graphic e757-8 ml1-i ml1-j\" tabindex=\"0\" href=\"tel:+390248000409\" target=\"_blank\"><div class=\"x-anchor-content\"><span class=\"x-graphic\" aria-hidden=\"true\"><i class=\"x-icon x-graphic-child x-graphic-icon x-graphic-primary\" aria-hidden=\"true\" data-x-icon-s=\"&#xf879;\"><\/i><\/span><div class=\"x-anchor-text\"><span class=\"x-anchor-text-primary\" data-x-single-anim=\"x-slide-left\">+39 02 4800 0409<\/span><\/div><\/div><\/a><a class=\"x-anchor x-anchor-button has-graphic e757-9 ml1-i ml1-j\" tabindex=\"0\" href=\"mailto:federica.biondi@pbf.tax\" target=\"_blank\"><div class=\"x-anchor-content\"><span class=\"x-graphic\" aria-hidden=\"true\"><i class=\"x-icon x-graphic-child x-graphic-icon x-graphic-primary\" aria-hidden=\"true\" data-x-icon-s=\"&#xf674;\"><\/i><\/span><div class=\"x-anchor-text\"><span class=\"x-anchor-text-primary\" data-x-single-anim=\"x-slide-left\">federica.biondi@pbf.tax<\/span><\/div><\/div><\/a><a class=\"x-anchor x-anchor-button has-graphic e757-10 ml1-i ml1-k\" tabindex=\"0\" href=\"https:\/\/www.linkedin.com\/in\/federica-biondi-772274106\/\" target=\"_blank\"><div class=\"x-anchor-content\"><span class=\"x-graphic\" aria-hidden=\"true\"><i class=\"x-icon x-graphic-child x-graphic-icon x-graphic-primary\" aria-hidden=\"true\" data-x-icon-b=\"&#xf08c;\"><\/i><\/span><div class=\"x-anchor-text\"><span class=\"x-anchor-text-primary\" data-x-single-anim=\"x-slide-left\">See my profile<\/span><\/div><\/div><\/a><\/div><\/div><\/div><\/div><div class=\"x-section e757-11 ml1-0 ml1-2\"><div class=\"x-row e757-12 ml1-3 ml1-5\"><div class=\"x-row-inner\"><div class=\"x-col e757-13 ml1-a\"><div class=\"x-text e757-14 ml1-l ml1-m\"><p style=\"text-align: justify;\">Federica Biondi is registered in the Association of Chartered Accountants of Milan and in the National Register of Auditors.<\/p>\n<p style=\"text-align: justify;\">She started her collaboration with other Firms in Milan in 2014 and completed her professional training. She dealt with routine consultancy and preparation of business financial statements and accrued initial experience in business taxations.<\/p>\n<p style=\"text-align: justify;\">She joined the Firm in 2016 and her main areas of interest are tax advice, relationships with Tax Authorities and tax litigation.<\/p><\/div><\/div><div class=\"x-col e757-15 ml1-6 ml1-7 ml1-a ml1-c\"><div class=\"x-text x-text-headline e757-16 ml1-e ml1-g\"><div class=\"x-text-content\"><div class=\"x-text-content-text\"><h1 class=\"x-text-content-text-primary\">QUALIFICATIONS<\/h1><\/div><\/div><\/div><div class=\"x-text e757-17 ml1-m ml1-n\"><p style=\"text-align: justify;\"><span style=\"font-weight: 500;\">Chartered Accountant<\/span><br \/>Association of Chartered Accountants and Certified Public Accountants of Milan<\/p>\n<p style=\"text-align: justify;\"><span style=\"font-weight: 500;\">External Auditor<\/span><br \/>Register of Independent Auditors<\/p><\/div><div class=\"x-text x-text-headline e757-18 ml1-e ml1-g\"><div class=\"x-text-content\"><div class=\"x-text-content-text\"><h1 class=\"x-text-content-text-primary\">EDUCATION<\/h1><\/div><\/div><\/div><div class=\"x-text x-text-headline e757-19 ml1-e ml1-g hide\"><div class=\"x-text-content\"><div class=\"x-text-content-text\"><h1 class=\"x-text-content-text-primary\">Lingue<\/h1><\/div><\/div><\/div><div class=\"x-text e757-20 ml1-m ml1-n hide\"><p>Inglese<\/p>\n<p>Francese<\/p><\/div><div class=\"x-text e757-21 ml1-m ml1-n\"><p style=\"text-align: justify;\"><span style=\"font-weight: 500;\">University degree<\/span><br \/>Master&rsquo;s Degree in General Business Economics from Universit&agrave; degli Studi of Milano Bicocca<\/p>\n<p style=\"text-align: justify;\">Degree in Business Administration from Universit&agrave; degli Studi of Milano Bicocca<\/p><\/div><div class=\"x-text e757-22 ml1-m ml1-n\"><p style=\"text-align: justify;\"><span style=\"font-weight: 500;\">Masters &amp; Training Courses<\/span><br \/>Master in Online Audit School for Chartered Accountants and Accounting Experts\" &ndash; IPSOA School of Training\n<br \/><br \/>\nTraining course for registration in the Register of individuals appointed by the judicial authority for the management and control functions in procedures governed by the Code of Crisis and Insolvency - National Council of Chartered Accountants and Accounting Experts.<\/p>\n<\/div><\/div><\/div><\/div><\/div><\/div>\n","protected":false},"excerpt":{"rendered":"<p> <a href=\"https:\/\/pbf.tax\/en\/professionals\/federica-biondi\/\" class=\"x-btn x-btn-mini x-btn-flat more-link\">Leggi di pi\u00f9<\/a><\/p>\n","protected":false},"author":1,"featured_media":0,"parent":709,"menu_order":0,"comment_status":"closed","ping_status":"closed","template":"template-blank-4.php","meta":[],"_links":{"self":[{"href":"https:\/\/pbf.tax\/en\/wp-json\/wp\/v2\/pages\/757"}],"collection":[{"href":"https:\/\/pbf.tax\/en\/wp-json\/wp\/v2\/pages"}],"about":[{"href":"https:\/\/pbf.tax\/en\/wp-json\/wp\/v2\/types\/page"}],"author":[{"embeddable":true,"href":"https:\/\/pbf.tax\/en\/wp-json\/wp\/v2\/users\/1"}],"replies":[{"embeddable":true,"href":"https:\/\/pbf.tax\/en\/wp-json\/wp\/v2\/comments?post=757"}],"version-history":[{"count":5,"href":"https:\/\/pbf.tax\/en\/wp-json\/wp\/v2\/pages\/757\/revisions"}],"predecessor-version":[{"id":8506,"href":"https:\/\/pbf.tax\/en\/wp-json\/wp\/v2\/pages\/757\/revisions\/8506"}],"up":[{"embeddable":true,"href":"https:\/\/pbf.tax\/en\/wp-json\/wp\/v2\/pages\/709"}],"wp:attachment":[{"href":"https:\/\/pbf.tax\/en\/wp-json\/wp\/v2\/media?parent=757"}],"curies":[{"name":"wp","href":"https:\/\/api.w.org\/{rel}","templated":true}]}}